{"id":2,"date":"2025-08-08T07:51:46","date_gmt":"2025-08-08T07:51:46","guid":{"rendered":"https:\/\/soulflow.li\/?page_id=2"},"modified":"2025-08-08T13:46:39","modified_gmt":"2025-08-08T13:46:39","slug":"sample-page","status":"publish","type":"page","link":"https:\/\/soulflow.li\/index.php\/sample-page\/","title":{"rendered":"Soul Flow &#8211; Dein Weg zu mehr Energie und Klarheit"},"content":{"rendered":"\n<p><strong>Ich biete dir individuelles Mentaltraining \u2013 ganz nach deinen Bed\u00fcrfnissen.<\/strong><br>Ob bei mir, bei dir zu Hause, online oder draussen in der Natur \u2013 gemeinsam finden wir den passenden Rahmen, damit du dein Mindset nachhaltig st\u00e4rken kannst. Dabei fliessen auch Entspannungstechniken, Yin Yoga und Energiearbeit mit ein, um dich achtsam zu begleiten, dich sanft in deine innere Balance zu f\u00fchren und dich auf deinem Weg zu mehr Klarheit und innerer Ruhe zu unterst\u00fctzen.<\/p>\n\n\n\n<p><strong>Ob im gesch\u00fctzten Raum eines pers\u00f6nlichen Treffens, in der Weite der Natur oder in der Verbindung online \u2013 wir finden gemeinsam deinen ganz pers\u00f6nlichen Wohlf\u00fchlort.<\/strong><br>Mit achtsamer Begleitung unterst\u00fctze ich dich dabei, dein Mindset von innen heraus zu st\u00e4rken. Sanfte Entspannungstechniken, n\u00e4hrendes Yin Yoga und feinf\u00fchlige Energiearbeit helfen dir, in deine innere Balance zu finden, Altes loszulassen und in deine Klarheit und Ruhe einzutauchen.<br>Du darfst ankommen \u2013 bei dir.<\/p>\n\n\n\n<p><strong>Termine<\/strong><br>Termine sind flexibel nach Vereinbarung m\u00f6glich. Melde dich gern bei mir \u2013 ich freue mich darauf, dich auf deinem Weg zu mehr mentaler St\u00e4rke zu begleiten!<\/p>\n\n\n\n<p><\/p>\n","protected":false},"excerpt":{"rendered":"<p>Ich biete dir individuelles Mentaltraining \u2013 ganz nach deinen Bed\u00fcrfnissen.Ob bei mir, bei dir zu Hause, online oder draussen [&hellip;]<\/p>\n","protected":false},"author":1,"featured_media":0,"parent":0,"menu_order":0,"comment_status":"closed","ping_status":"open","template":"","meta":{"footnotes":""},"class_list":["post-2","page","type-page","status-publish","hentry"],"_links":{"self":[{"href":"https:\/\/soulflow.li\/index.php\/wp-json\/wp\/v2\/pages\/2","targetHints":{"allow":["GET"]}}],"collection":[{"href":"https:\/\/soulflow.li\/index.php\/wp-json\/wp\/v2\/pages"}],"about":[{"href":"https:\/\/soulflow.li\/index.php\/wp-json\/wp\/v2\/types\/page"}],"author":[{"embeddable":true,"href":"https:\/\/soulflow.li\/index.php\/wp-json\/wp\/v2\/users\/1"}],"replies":[{"embeddable":true,"href":"https:\/\/soulflow.li\/index.php\/wp-json\/wp\/v2\/comments?post=2"}],"version-history":[{"count":2,"href":"https:\/\/soulflow.li\/index.php\/wp-json\/wp\/v2\/pages\/2\/revisions"}],"predecessor-version":[{"id":54,"href":"https:\/\/soulflow.li\/index.php\/wp-json\/wp\/v2\/pages\/2\/revisions\/54"}],"wp:attachment":[{"href":"https:\/\/soulflow.li\/index.php\/wp-json\/wp\/v2\/media?parent=2"}],"curies":[{"name":"wp","href":"https:\/\/api.w.org\/{rel}","templated":true}]}}